{"id":13947,"date":"2021-06-29T14:08:32","date_gmt":"2021-06-29T12:08:32","guid":{"rendered":"http:\/\/old.nexiaproaudit.pl\/privacy-policy\/"},"modified":"2021-06-29T14:14:24","modified_gmt":"2021-06-29T12:14:24","slug":"privacy-policy","status":"publish","type":"page","link":"http:\/\/old.nexiaproaudit.pl\/en\/privacy-policy\/","title":{"rendered":"Privacy Policy"},"content":{"rendered":"\t\t<div data-elementor-type=\"wp-page\" data-elementor-id=\"13947\" class=\"elementor elementor-13947 elementor-63\" data-elementor-post-type=\"page\">\n\t\t\t\t\t\t<section class=\"elementor-section elementor-top-section elementor-element elementor-element-ea04d64 elementor-section-boxed elementor-section-height-default elementor-section-height-default\" data-id=\"ea04d64\" data-element_type=\"section\">\n\t\t\t\t\t\t<div class=\"elementor-container elementor-column-gap-default\">\n\t\t\t\t\t<div class=\"elementor-column elementor-col-100 elementor-top-column elementor-element elementor-element-9232b15\" data-id=\"9232b15\" data-element_type=\"column\">\n\t\t\t<div class=\"elementor-widget-wrap elementor-element-populated\">\n\t\t\t\t\t\t<div class=\"elementor-element elementor-element-edb7c0d elementor-widget elementor-widget-jet-breadcrumbs\" data-id=\"edb7c0d\" data-element_type=\"widget\" data-widget_type=\"jet-breadcrumbs.default\">\n\t\t\t\t<div class=\"elementor-widget-container\">\n\t\t\t<div class=\"elementor-jet-breadcrumbs jet-blocks\">\n\t\t<div class=\"jet-breadcrumbs\">\n\t\t<div class=\"jet-breadcrumbs__content\">\n\t\t<div class=\"jet-breadcrumbs__wrap\"><div class=\"jet-breadcrumbs__item\"><a href=\"http:\/\/old.nexiaproaudit.pl\/en\/\" class=\"jet-breadcrumbs__item-link is-home\" rel=\"home\" title=\"Home\">Home<\/a><\/div>\n\t\t<\/div>\n\t\t<\/div>\n\t\t<\/div><\/div>\t\t<\/div>\n\t\t\t\t<\/div>\n\t\t\t\t\t<\/div>\n\t\t<\/div>\n\t\t\t\t\t<\/div>\n\t\t<\/section>\n\t\t\t\t<section class=\"elementor-section elementor-top-section elementor-element elementor-element-787037f elementor-section-boxed elementor-section-height-default elementor-section-height-default\" data-id=\"787037f\" data-element_type=\"section\">\n\t\t\t\t\t\t<div class=\"elementor-container elementor-column-gap-default\">\n\t\t\t\t\t<div class=\"elementor-column elementor-col-100 elementor-top-column elementor-element elementor-element-166b424\" data-id=\"166b424\" data-element_type=\"column\">\n\t\t\t<div class=\"elementor-widget-wrap elementor-element-populated\">\n\t\t\t\t\t\t<div class=\"elementor-element elementor-element-f4b17f1 elementor-widget elementor-widget-heading\" data-id=\"f4b17f1\" data-element_type=\"widget\" data-widget_type=\"heading.default\">\n\t\t\t\t<div class=\"elementor-widget-container\">\n\t\t\t<h2 class=\"elementor-heading-title elementor-size-default\">Privacy Policy<\/h2>\t\t<\/div>\n\t\t\t\t<\/div>\n\t\t\t\t\t<\/div>\n\t\t<\/div>\n\t\t\t\t\t<\/div>\n\t\t<\/section>\n\t\t\t\t<section class=\"elementor-section elementor-top-section elementor-element elementor-element-7635f20 elementor-section-boxed elementor-section-height-default elementor-section-height-default\" data-id=\"7635f20\" data-element_type=\"section\">\n\t\t\t\t\t\t<div class=\"elementor-container elementor-column-gap-default\">\n\t\t\t\t\t<div class=\"elementor-column elementor-col-100 elementor-top-column elementor-element elementor-element-e1b9caf\" data-id=\"e1b9caf\" data-element_type=\"column\">\n\t\t\t<div class=\"elementor-widget-wrap elementor-element-populated\">\n\t\t\t\t\t\t<div class=\"elementor-element elementor-element-f4ecf74 elementor-widget elementor-widget-text-editor\" data-id=\"f4ecf74\" data-element_type=\"widget\" data-widget_type=\"text-editor.default\">\n\t\t\t\t<div class=\"elementor-widget-container\">\n\t\t\t\t\t\t\t<p><strong>1. General<\/strong><\/p>\n<p>The website www.nexiaproaudit.pl is operated by the company PRO AUDIT Kancelaria Bieg\u0142ych Rewident\u00f3w Sp\u00f3\u0142ka z o.o. with its principal place of business in Krak\u00f3w, ul. E. Wasilewskiego 20,<br \/>\n30-305 Krak\u00f3w (hereinafter: <strong>Nexia Pro Audit<\/strong>), entered in the Register of Entrepreneurs (KRS) kept by the District Court for Krakow-\u015ar\u00f3dmie\u015bcie in Krakow, KRS number 000012507, NIP (Tax Identification Number) 6762217735, REGON (National Business Registry Number) 356548127.\u00a0Incorporated in 2002, PRO AUDIT Kancelaria Bieg\u0142ych Rewident\u00f3w Sp\u00f3\u0142ka z o.o. was entered in the register of entities authorized to audit financial statements kept by the Polish Audit Oversight Agency [Polska Agencja Nadzoru Audytowego] under number 2696.<\/p>\n<ol start=\"2\">\n<li><strong> Disclaimers\u00a0<\/strong><\/li>\n<\/ol>\n<p>The information, data and other content posted on our website are general information. The content made available on this website does not represent advice of any kind. Detailed information can<br \/>\nbe obtained by directly contacting Nexia Pro Audit.<\/p>\n<p>Nexia Pro Audit shall not be held accountable in any way for damages resulting from the use of our website and the consequences of using the information provided. Nexia Pro Audit makes no warranty for completeness and up-to-datedness of the website content provided.<\/p>\n<ol start=\"3\">\n<li><strong> Trademarks<\/strong><\/li>\n<\/ol>\n<p>All trademarks, materials and publications posted on our website are protected by intellectual property rights and by the Act of 4 February 1994 on copyrights and related rights. They may not be transferred to or duplicated by other persons without prior written consent of the website operator. Nexia Pro Audit has the exclusive right to publish content on this website.<\/p>\n<ol start=\"4\">\n<li><strong> Data Protection<\/strong><\/li>\n<\/ol>\n<p><strong>4.1. Data Controller<\/strong><\/p>\n<p>Within the meaning of the General Data Protection Regulation (GDPR), PRO AUDIT Kancelaria Bieg\u0142ych Rewident\u00f3w Sp\u00f3\u0142ka z o.o. with its principal place of business in Krakow, ul. E. Wasilewskiego 20, 30-305 Krak\u00f3w (hereinafter: &#8220;Nexia Pro Audit&#8221;, &#8220;ADO&#8221;, &#8220;We\u201d) is the Data Controller.<br \/>\nIn matters related to the processing of personal data, please contact us at:<\/p>\n<ul>\n<li>e-mail:\u00a0<strong>rodo@nexiaproaudit.pl<\/strong><\/li>\n<li>phone:\u00a0<strong>+48 12 632 80 32<\/strong><\/li>\n<\/ul>\n<p><strong>4.2. Purposes and legal basis for data processing<\/strong><\/p>\n<p>We may process your data for the following purposes:<\/p>\n<ol>\n<li>to perform the contracted services \u2013 on the basis of concluded contracts as a party to these contracts;<\/li>\n<li>to communicate with you on current matters, including the provision of services \u2013 on the basis of a legitimate interest, i.e. keeping in touch with our contractors and their employees;<\/li>\n<li>to communicate with you on matters concerning inquiries sent via contact forms \u2013 based on the consent granted;<\/li>\n<li>to organize training and enable you to attend the contracted open and\/or obligatory training, to send training agendas and other training materials \u2013 on the basis of concluded contracts as a party to these contracts and based on a legitimate interest, i.e.<br \/>\norganizing the events concerned, including ensuring the participation of trainees;<\/li>\n<li>to send commercial offers by electronic means \u2013 based on the consent granted;<\/li>\n<li>to pursue pursuing claims related to the concluded contracts or in order to defend itself against any claims \u2013 based on a legitimate interest, i.e. pursuing or defending against claims;<\/li>\n<li>for recruitment purposes \u2013 on the basis of the candidate\u2019s consent and the legal obligation laid down in the Labor Code.<\/li>\n<\/ol>\n<p><strong>4.3. Data Recipients<\/strong><\/p>\n<p>Your data shall be transferred to entities providing services for the Data Controller: outsourcing, accounting, IT companies and companies maintaining IT infrastructure, public authorities, on the basis of statutory requirements.<\/p>\n<p><strong>4.4. Data transfer to third countries<\/strong><\/p>\n<p>The Data Controller does not intend to transfer your data to third countries or international organizations.<\/p>\n<p><strong>4.5. Data storage period<\/strong><\/p>\n<p>Your data shall be stored by the Data Controller for the period resulting from the provisions of law, including until any claims are time-barred, and in the case of consent for data processing \u2013 until<br \/>\nits revocation.<\/p>\n<p><strong>4.6. Rights of Data Subjects<\/strong><\/p>\n<p>You have the right to:<\/p>\n<ul>\n<li>access your data and receive copies thereof;<\/li>\n<li>have your personal data corrected;<\/li>\n<li>demand that the processing of your personal data is restricted;<\/li>\n<li>have your personal data deleted;<\/li>\n<li>have your personal data transferred;<\/li>\n<li>object to the processing of personal data;<\/li>\n<li>lodge a complaint to the President of the Personal Data Protection Office \u2013 UODO (ul. Stawki 2, 00-193 Warsaw).<\/li>\n<\/ul>\n<p>If the data processing is based on a consent: you have the right to withdraw your consent to the processing of your data.\u00a0Withdrawal of consent to the processing of personal data shall not affect<br \/>\nthe lawfulness of processing based on consent before its withdrawal.<\/p>\n<p>To exercise the rights of Data Subjects, please contact us \u2013 for the contact details, go to section 4.1.<\/p>\n<p><strong>4.7. Notice on the requirement to disclose data<\/strong><\/p>\n<p>Providing your data is voluntary, but necessary to fulfil the above-mentioned purpose\/is a statutory requirement\/is a contractual requirement\/is a condition precedent for concluding a contract. No service can be provided unless you provide your data.<\/p>\n<ol start=\"5\">\n<li><strong> Technical Information<\/strong><\/li>\n<\/ol>\n<p>If you visit our website, we may collect technical information, such as your Internet Protocol (IP) address, information about the pages you visit on www.nexiaproaudit.pl, other websites you visit,<br \/>\nand the web browser you use to browse our website.<\/p>\n<p>This website collects standard log and technical data in order to measure and improve website performance, diagnose server problems, administer the website, obtain information about the website traffic, and identify our users. We may use cookies to collect such information.<\/p>\n<ol start=\"6\">\n<li><strong> &#8220;Cookies&#8221; Policy<\/strong><\/li>\n<\/ol>\n<p>Cookies are small text files that are placed on your computer when visiting websites. Cookies<br \/>\nare generally used to operate websites or improve their performance, and to provide information<br \/>\nto the website operators.<\/p>\n<p>Cookies are currently used on most websites. If you do not want to receive cookies, you can manage and control cookies through your browser. You can also eliminate cookies by deleting them from the &#8220;browsing history&#8221; (cache memory) when you exit a website.<\/p>\n<p>Our website uses cookies to authenticate users on the website and to track user activity on the website based on statistical data. We use cookies to administer the system and analyze our website. Our cookies do not collect any personal data, i.e. no personal data are saved using cookies, such as your name or address; cookies are used to track user activity on the website to improve its performance.<\/p>\n<p>Please be advised that you have the right to enable or disable cookies in your browser.\u00a0If you do not consent to the use of cookies, you can disable them in the settings of the browser you use.<\/p>\n<ol start=\"7\">\n<li><strong> Final considerations<\/strong><\/li>\n<\/ol>\n<p>Nexia Pro Audit reserves the right to change this Privacy Policy. If \u00a0the Privacy Policy is amended,<br \/>\nthe new version shall be published on the website without delay.<\/p>\n<p>Should you have any questions concerning the privacy protection, please contact us at proaudit@nexiaproaudit.pl. Write &#8220;Privacy Policy&#8221; in the subject line.<\/p>\n\t\t\t\t\t\t<\/div>\n\t\t\t\t<\/div>\n\t\t\t\t<div class=\"elementor-element elementor-element-17b2d18 elementor-widget elementor-widget-menu-anchor\" data-id=\"17b2d18\" data-element_type=\"widget\" data-widget_type=\"menu-anchor.default\">\n\t\t\t\t<div class=\"elementor-widget-container\">\n\t\t\t\t\t<div class=\"elementor-menu-anchor\" id=\"Clause\"><\/div>\n\t\t\t\t<\/div>\n\t\t\t\t<\/div>\n\t\t\t\t<div class=\"elementor-element elementor-element-2b43422 elementor-widget-divider--view-line elementor-widget elementor-widget-divider\" data-id=\"2b43422\" data-element_type=\"widget\" data-widget_type=\"divider.default\">\n\t\t\t\t<div class=\"elementor-widget-container\">\n\t\t\t\t\t<div class=\"elementor-divider\">\n\t\t\t<span class=\"elementor-divider-separator\">\n\t\t\t\t\t\t<\/span>\n\t\t<\/div>\n\t\t\t\t<\/div>\n\t\t\t\t<\/div>\n\t\t\t\t<div class=\"elementor-element elementor-element-764ec0e elementor-widget elementor-widget-heading\" data-id=\"764ec0e\" data-element_type=\"widget\" data-widget_type=\"heading.default\">\n\t\t\t\t<div class=\"elementor-widget-container\">\n\t\t\t<h2 class=\"elementor-heading-title elementor-size-default\">Information Clause for Nexia Pro Audit Job Applicants<\/h2>\t\t<\/div>\n\t\t\t\t<\/div>\n\t\t\t\t<div class=\"elementor-element elementor-element-84202f4 elementor-widget elementor-widget-text-editor\" data-id=\"84202f4\" data-element_type=\"widget\" data-widget_type=\"text-editor.default\">\n\t\t\t\t<div class=\"elementor-widget-container\">\n\t\t\t\t\t\t\t<ol>\n<li><strong> Data Controller<\/strong><\/li>\n<\/ol>\n<p>PRO AUDIT Kancelaria Bieg\u0142ych Rewident\u00f3w Sp. z o.o. (<strong>Nexia Pro Audit<\/strong>) with its principal place<br \/>\nof business in Krak\u00f3w, ul. E. Wasilewskiego 20, 30-305 Krak\u00f3w, is the controller of data processed<br \/>\nas part of the recruitment process in its capacity as an Employer.<\/p>\n<p>In matters related to the processing of personal data, please contact us at:<\/p>\n<ul>\n<li>e-mail:\u00a0<strong>rodo@nexiaproaudit.pl<\/strong><\/li>\n<li>phone:\u00a0<strong>+48 12 632 80 32<\/strong><\/li>\n<\/ul>\n<ol start=\"2\">\n<li><strong> Purpose and basis of data processing<\/strong><\/li>\n<\/ol>\n<p>Your personal data falling within the scope laid down in the Polish Labor Code (Article 22<sup>1<\/sup>) shall<br \/>\nbe processed for recruitment purposes. This applies to the following data: first name (names)<br \/>\nand surname, date of birth, contact details of the job applicant (e.g. correspondence address, telephone number, e-mail address), education, professional qualifications, and employment history.<\/p>\n<p>By providing data other than specified in Article 22<sup>1<\/sup> of the Polish Labor Code, you consent to the processing of this personal data in the recruitment procedure (pursuant to Article 6(1)(a),<br \/>\nand for specific categories of data \u2013 in accordance with Article 9(2)(a) of the GDPR).\u00a0In this case, your consent is voluntary and may be revoked at any time.<\/p>\n<p>Nexia Pro Audit shall also process your personal data in future recruitment based on your separate consent provided by ticking the appropriate checkbox in the application form, which may be revoked at any time.<\/p>\n<ol start=\"3\">\n<li><strong> Recipients of personal information<\/strong><\/li>\n<\/ol>\n<p>Your personal data may be transferred to entities with whom Nexia Pro Audit has concluded<br \/>\nan agreement for the provision of services necessary for data processing, i.e. outsourcing, accounting, IT companies and companies maintaining IT infrastructure.<\/p>\n<ol start=\"4\">\n<li><strong> Data storage period<\/strong><\/li>\n<\/ol>\n<p>Your data collected in the current recruitment process will be stored for up to 3 months, calculated from completion of the recruitment process, defined as a process of selecting a job applicant with whom an employment contract is signed.<\/p>\n<p>If you consent to the use of personal data for the purposes of future recruitment, your data will<br \/>\nbe stored for 6 months, calculated from the completion of the recruitment process.<\/p>\n<ol start=\"5\">\n<li><strong> Rights of Data Subjects<\/strong><\/li>\n<\/ol>\n<p>You have the right to:<br \/>\na) access your data and receive copies thereof;<br \/>\nb) have your personal data corrected;<br \/>\nc) demand that the processing of your personal data is restricted;<br \/>\nd) have your personal data deleted;<br \/>\ne) lodge a complaint to the President of the Personal Data Protection Office \u2013 UODO (ul. Stawki 2,<br \/>\n00\u2013193 Warsaw).<\/p>\n<ol start=\"6\">\n<li><strong> Notice on the requirement to disclose data<\/strong><\/li>\n<\/ol>\n<p>Providing your personal data in the scope indicated in Article 22<sup>1<\/sup> of the Polish Labor Code is necessary to participate in the recruitment procedure. Providing personal data that exceed the scope indicated under Article 22<sup>1<\/sup> of the Polish Labor Code is voluntary.<\/p>\n<p>Withdrawal of consent to the processing of personal data shall not affect the lawfulness of processing based on consent before its withdrawal.<\/p>\n<p><em>Effective Date: 31 May 2021<\/em><\/p>\n\t\t\t\t\t\t<\/div>\n\t\t\t\t<\/div>\n\t\t\t\t\t<\/div>\n\t\t<\/div>\n\t\t\t\t\t<\/div>\n\t\t<\/section>\n\t\t\t\t<\/div>\n\t\t","protected":false},"excerpt":{"rendered":"<p>Strona g\u0142\u00f3wna 1. General The website www.nexiaproaudit.pl is operated by the company PRO AUDIT Kancelaria Bieg\u0142ych Rewident\u00f3w Sp\u00f3\u0142ka z o.o. with its principal place of business in Krak\u00f3w, ul. E. Wasilewskiego 20, 30-305 Krak\u00f3w (hereinafter: Nexia Pro Audit), entered in the Register of Entrepreneurs (KRS) kept by the District Court for Krakow-\u015ar\u00f3dmie\u015bcie in Krakow, KRS [&hellip;]<\/p>\n","protected":false},"author":2,"featured_media":0,"parent":0,"menu_order":0,"comment_status":"closed","ping_status":"closed","template":"","meta":{"_jet_sm_ready_style":"","_jet_sm_style":"","_jet_sm_controls_values":"","_jet_sm_fonts_collection":"","_jet_sm_fonts_links":"","footnotes":""},"class_list":["post-13947","page","type-page","status-publish","hentry"],"yoast_head":"<!-- This site is optimized with the Yoast SEO plugin v22.5 - https:\/\/yoast.com\/wordpress\/plugins\/seo\/ -->\n<title>Privacy Policy - Nexia Pro Audit<\/title>\n<meta name=\"robots\" content=\"index, follow, max-snippet:-1, max-image-preview:large, max-video-preview:-1\" \/>\n<link rel=\"canonical\" href=\"http:\/\/old.nexiaproaudit.pl\/en\/privacy-policy\/\" \/>\n<meta property=\"og:locale\" content=\"en_US\" \/>\n<meta property=\"og:type\" content=\"article\" \/>\n<meta property=\"og:title\" content=\"Privacy Policy - Nexia Pro Audit\" \/>\n<meta property=\"og:description\" content=\"Strona g\u0142\u00f3wna 1. General The website www.nexiaproaudit.pl is operated by the company PRO AUDIT Kancelaria Bieg\u0142ych Rewident\u00f3w Sp\u00f3\u0142ka z o.o. with its principal place of business in Krak\u00f3w, ul. E. Wasilewskiego 20, 30-305 Krak\u00f3w (hereinafter: Nexia Pro Audit), entered in the Register of Entrepreneurs (KRS) kept by the District Court for Krakow-\u015ar\u00f3dmie\u015bcie in Krakow, KRS [&hellip;]\" \/>\n<meta property=\"og:url\" content=\"http:\/\/old.nexiaproaudit.pl\/en\/privacy-policy\/\" \/>\n<meta property=\"og:site_name\" content=\"Nexia Pro Audit\" \/>\n<meta property=\"article:modified_time\" content=\"2021-06-29T12:14:24+00:00\" \/>\n<meta name=\"twitter:card\" content=\"summary_large_image\" \/>\n<meta name=\"twitter:label1\" content=\"Est. reading time\" \/>\n\t<meta name=\"twitter:data1\" content=\"8 minutes\" \/>\n<script type=\"application\/ld+json\" class=\"yoast-schema-graph\">{\"@context\":\"https:\/\/schema.org\",\"@graph\":[{\"@type\":\"WebPage\",\"@id\":\"http:\/\/old.nexiaproaudit.pl\/en\/privacy-policy\/\",\"url\":\"http:\/\/old.nexiaproaudit.pl\/en\/privacy-policy\/\",\"name\":\"Privacy Policy - Nexia Pro Audit\",\"isPartOf\":{\"@id\":\"http:\/\/old.nexiaproaudit.pl\/#website\"},\"datePublished\":\"2021-06-29T12:08:32+00:00\",\"dateModified\":\"2021-06-29T12:14:24+00:00\",\"breadcrumb\":{\"@id\":\"http:\/\/old.nexiaproaudit.pl\/en\/privacy-policy\/#breadcrumb\"},\"inLanguage\":\"en-US\",\"potentialAction\":[{\"@type\":\"ReadAction\",\"target\":[\"http:\/\/old.nexiaproaudit.pl\/en\/privacy-policy\/\"]}]},{\"@type\":\"BreadcrumbList\",\"@id\":\"http:\/\/old.nexiaproaudit.pl\/en\/privacy-policy\/#breadcrumb\",\"itemListElement\":[{\"@type\":\"ListItem\",\"position\":1,\"name\":\"Strona g\u0142\u00f3wna\",\"item\":\"http:\/\/old.nexiaproaudit.pl\/en\/\"},{\"@type\":\"ListItem\",\"position\":2,\"name\":\"Privacy Policy\"}]},{\"@type\":\"WebSite\",\"@id\":\"http:\/\/old.nexiaproaudit.pl\/#website\",\"url\":\"http:\/\/old.nexiaproaudit.pl\/\",\"name\":\"Nexia Pro Audit\",\"description\":\"\",\"publisher\":{\"@id\":\"http:\/\/old.nexiaproaudit.pl\/#organization\"},\"potentialAction\":[{\"@type\":\"SearchAction\",\"target\":{\"@type\":\"EntryPoint\",\"urlTemplate\":\"http:\/\/old.nexiaproaudit.pl\/?s={search_term_string}\"},\"query-input\":\"required name=search_term_string\"}],\"inLanguage\":\"en-US\"},{\"@type\":\"Organization\",\"@id\":\"http:\/\/old.nexiaproaudit.pl\/#organization\",\"name\":\"Nexia Pro Audit\",\"url\":\"http:\/\/old.nexiaproaudit.pl\/\",\"logo\":{\"@type\":\"ImageObject\",\"inLanguage\":\"en-US\",\"@id\":\"http:\/\/old.nexiaproaudit.pl\/#\/schema\/logo\/image\/\",\"url\":\"http:\/\/old.nexiaproaudit.pl\/wp-content\/uploads\/2021\/10\/nexia-pro-audit.png\",\"contentUrl\":\"http:\/\/old.nexiaproaudit.pl\/wp-content\/uploads\/2021\/10\/nexia-pro-audit.png\",\"width\":1007,\"height\":285,\"caption\":\"Nexia Pro Audit\"},\"image\":{\"@id\":\"http:\/\/old.nexiaproaudit.pl\/#\/schema\/logo\/image\/\"}}]}<\/script>\n<!-- \/ Yoast SEO plugin. -->","yoast_head_json":{"title":"Privacy Policy - Nexia Pro Audit","robots":{"index":"index","follow":"follow","max-snippet":"max-snippet:-1","max-image-preview":"max-image-preview:large","max-video-preview":"max-video-preview:-1"},"canonical":"http:\/\/old.nexiaproaudit.pl\/en\/privacy-policy\/","og_locale":"en_US","og_type":"article","og_title":"Privacy Policy - Nexia Pro Audit","og_description":"Strona g\u0142\u00f3wna 1. General The website www.nexiaproaudit.pl is operated by the company PRO AUDIT Kancelaria Bieg\u0142ych Rewident\u00f3w Sp\u00f3\u0142ka z o.o. with its principal place of business in Krak\u00f3w, ul. E. Wasilewskiego 20, 30-305 Krak\u00f3w (hereinafter: Nexia Pro Audit), entered in the Register of Entrepreneurs (KRS) kept by the District Court for Krakow-\u015ar\u00f3dmie\u015bcie in Krakow, KRS [&hellip;]","og_url":"http:\/\/old.nexiaproaudit.pl\/en\/privacy-policy\/","og_site_name":"Nexia Pro Audit","article_modified_time":"2021-06-29T12:14:24+00:00","twitter_card":"summary_large_image","twitter_misc":{"Est. reading time":"8 minutes"},"schema":{"@context":"https:\/\/schema.org","@graph":[{"@type":"WebPage","@id":"http:\/\/old.nexiaproaudit.pl\/en\/privacy-policy\/","url":"http:\/\/old.nexiaproaudit.pl\/en\/privacy-policy\/","name":"Privacy Policy - Nexia Pro Audit","isPartOf":{"@id":"http:\/\/old.nexiaproaudit.pl\/#website"},"datePublished":"2021-06-29T12:08:32+00:00","dateModified":"2021-06-29T12:14:24+00:00","breadcrumb":{"@id":"http:\/\/old.nexiaproaudit.pl\/en\/privacy-policy\/#breadcrumb"},"inLanguage":"en-US","potentialAction":[{"@type":"ReadAction","target":["http:\/\/old.nexiaproaudit.pl\/en\/privacy-policy\/"]}]},{"@type":"BreadcrumbList","@id":"http:\/\/old.nexiaproaudit.pl\/en\/privacy-policy\/#breadcrumb","itemListElement":[{"@type":"ListItem","position":1,"name":"Strona g\u0142\u00f3wna","item":"http:\/\/old.nexiaproaudit.pl\/en\/"},{"@type":"ListItem","position":2,"name":"Privacy Policy"}]},{"@type":"WebSite","@id":"http:\/\/old.nexiaproaudit.pl\/#website","url":"http:\/\/old.nexiaproaudit.pl\/","name":"Nexia Pro Audit","description":"","publisher":{"@id":"http:\/\/old.nexiaproaudit.pl\/#organization"},"potentialAction":[{"@type":"SearchAction","target":{"@type":"EntryPoint","urlTemplate":"http:\/\/old.nexiaproaudit.pl\/?s={search_term_string}"},"query-input":"required name=search_term_string"}],"inLanguage":"en-US"},{"@type":"Organization","@id":"http:\/\/old.nexiaproaudit.pl\/#organization","name":"Nexia Pro Audit","url":"http:\/\/old.nexiaproaudit.pl\/","logo":{"@type":"ImageObject","inLanguage":"en-US","@id":"http:\/\/old.nexiaproaudit.pl\/#\/schema\/logo\/image\/","url":"http:\/\/old.nexiaproaudit.pl\/wp-content\/uploads\/2021\/10\/nexia-pro-audit.png","contentUrl":"http:\/\/old.nexiaproaudit.pl\/wp-content\/uploads\/2021\/10\/nexia-pro-audit.png","width":1007,"height":285,"caption":"Nexia Pro Audit"},"image":{"@id":"http:\/\/old.nexiaproaudit.pl\/#\/schema\/logo\/image\/"}}]}},"_links":{"self":[{"href":"http:\/\/old.nexiaproaudit.pl\/en\/wp-json\/wp\/v2\/pages\/13947","targetHints":{"allow":["GET"]}}],"collection":[{"href":"http:\/\/old.nexiaproaudit.pl\/en\/wp-json\/wp\/v2\/pages"}],"about":[{"href":"http:\/\/old.nexiaproaudit.pl\/en\/wp-json\/wp\/v2\/types\/page"}],"author":[{"embeddable":true,"href":"http:\/\/old.nexiaproaudit.pl\/en\/wp-json\/wp\/v2\/users\/2"}],"replies":[{"embeddable":true,"href":"http:\/\/old.nexiaproaudit.pl\/en\/wp-json\/wp\/v2\/comments?post=13947"}],"version-history":[{"count":0,"href":"http:\/\/old.nexiaproaudit.pl\/en\/wp-json\/wp\/v2\/pages\/13947\/revisions"}],"wp:attachment":[{"href":"http:\/\/old.nexiaproaudit.pl\/en\/wp-json\/wp\/v2\/media?parent=13947"}],"curies":[{"name":"wp","href":"https:\/\/api.w.org\/{rel}","templated":true}]}}