{"id":17094,"date":"2021-09-13T20:37:06","date_gmt":"2021-09-13T18:37:06","guid":{"rendered":"http:\/\/old.nexiaproaudit.pl\/trainings\/training-schedule\/"},"modified":"2021-09-27T22:16:46","modified_gmt":"2021-09-27T20:16:46","slug":"trainings-schedule","status":"publish","type":"page","link":"http:\/\/old.nexiaproaudit.pl\/en\/trainings\/trainings-schedule\/","title":{"rendered":"Trainings schedule"},"content":{"rendered":"\t\t<div data-elementor-type=\"wp-page\" data-elementor-id=\"17094\" class=\"elementor elementor-17094 elementor-15433\" data-elementor-post-type=\"page\">\n\t\t\t\t\t\t<section data-dce-background-image-url=\"https:\/\/nexiaproaudit.nowastronabiznesu.pl\/wp-content\/uploads\/2021\/09\/szkolenia-harmonogram.jpg\" data-dce-background-overlay-image-url=\"http:\/\/old.nexiaproaudit.pl\/wp-content\/uploads\/2021\/04\/nexia-transparency-header-04.svg\" class=\"elementor-section elementor-top-section elementor-element elementor-element-5ef7b3d9 elementor-section-height-min-height elementor-section-items-top elementor-section-content-top elementor-section-boxed elementor-section-height-default\" data-id=\"5ef7b3d9\" data-element_type=\"section\" data-settings=\"{&quot;background_background&quot;:&quot;classic&quot;}\">\n\t\t\t\t\t\t\t<div class=\"elementor-background-overlay\"><\/div>\n\t\t\t\t\t\t\t<div class=\"elementor-container elementor-column-gap-default\">\n\t\t\t\t\t<div class=\"elementor-column elementor-col-100 elementor-top-column elementor-element elementor-element-7b7cbb3f\" data-id=\"7b7cbb3f\" data-element_type=\"column\">\n\t\t\t<div class=\"elementor-widget-wrap elementor-element-populated\">\n\t\t\t\t\t\t<div class=\"elementor-element elementor-element-6c6da1ef elementor-widget elementor-widget-heading\" data-id=\"6c6da1ef\" data-element_type=\"widget\" data-widget_type=\"heading.default\">\n\t\t\t\t<div class=\"elementor-widget-container\">\n\t\t\t<h1 class=\"elementor-heading-title elementor-size-default\">Trainings schedule<\/h1>\t\t<\/div>\n\t\t\t\t<\/div>\n\t\t\t\t\t<\/div>\n\t\t<\/div>\n\t\t\t\t\t<\/div>\n\t\t<\/section>\n\t\t\t\t<section class=\"elementor-section elementor-top-section elementor-element elementor-element-c7a14bd elementor-section-boxed elementor-section-height-default elementor-section-height-default\" data-id=\"c7a14bd\" data-element_type=\"section\">\n\t\t\t\t\t\t<div class=\"elementor-container elementor-column-gap-default\">\n\t\t\t\t\t<div class=\"elementor-column elementor-col-100 elementor-top-column elementor-element elementor-element-3606221c\" data-id=\"3606221c\" data-element_type=\"column\">\n\t\t\t<div class=\"elementor-widget-wrap elementor-element-populated\">\n\t\t\t\t\t\t<div class=\"elementor-element elementor-element-6f9e56e0 elementor-widget elementor-widget-jet-breadcrumbs\" data-id=\"6f9e56e0\" data-element_type=\"widget\" data-widget_type=\"jet-breadcrumbs.default\">\n\t\t\t\t<div class=\"elementor-widget-container\">\n\t\t\t<div class=\"elementor-jet-breadcrumbs jet-blocks\">\n\t\t<div class=\"jet-breadcrumbs\">\n\t\t<div class=\"jet-breadcrumbs__content\">\n\t\t<div class=\"jet-breadcrumbs__wrap\"><div class=\"jet-breadcrumbs__item\"><a href=\"http:\/\/old.nexiaproaudit.pl\/en\/\" class=\"jet-breadcrumbs__item-link is-home\" rel=\"home\" title=\"Home\">Home<\/a><\/div>\n\t\t<\/div>\n\t\t<\/div>\n\t\t<\/div><\/div>\t\t<\/div>\n\t\t\t\t<\/div>\n\t\t\t\t\t<\/div>\n\t\t<\/div>\n\t\t\t\t\t<\/div>\n\t\t<\/section>\n\t\t\t\t<section class=\"elementor-section elementor-top-section elementor-element elementor-element-49de82ca elementor-hidden-mobile elementor-section-boxed elementor-section-height-default elementor-section-height-default\" data-id=\"49de82ca\" data-element_type=\"section\" data-settings=\"{&quot;background_background&quot;:&quot;classic&quot;}\">\n\t\t\t\t\t\t<div class=\"elementor-container elementor-column-gap-default\">\n\t\t\t\t\t<div class=\"elementor-column elementor-col-50 elementor-top-column elementor-element elementor-element-310e2f41\" data-id=\"310e2f41\" data-element_type=\"column\">\n\t\t\t<div class=\"elementor-widget-wrap elementor-element-populated\">\n\t\t\t\t\t\t<div class=\"elementor-element elementor-element-91b36a5 elementor-widget elementor-widget-heading\" data-id=\"91b36a5\" data-element_type=\"widget\" data-widget_type=\"heading.default\">\n\t\t\t\t<div class=\"elementor-widget-container\">\n\t\t\t<h2 class=\"elementor-heading-title elementor-size-default\">Topic<\/h2>\t\t<\/div>\n\t\t\t\t<\/div>\n\t\t\t\t<div class=\"elementor-element elementor-element-3835ed90 elementor-widget-mobile__width-auto elementor-widget elementor-widget-heading\" data-id=\"3835ed90\" data-element_type=\"widget\" data-widget_type=\"heading.default\">\n\t\t\t\t<div class=\"elementor-widget-container\">\n\t\t\t<div class=\"elementor-heading-title elementor-size-default\">Obligatory*<\/div>\t\t<\/div>\n\t\t\t\t<\/div>\n\t\t\t\t<div class=\"elementor-element elementor-element-2b14c914 elementor-widget-mobile__width-auto elementor-widget elementor-widget-heading\" data-id=\"2b14c914\" data-element_type=\"widget\" data-widget_type=\"heading.default\">\n\t\t\t\t<div class=\"elementor-widget-container\">\n\t\t\t<div class=\"elementor-heading-title elementor-size-default\">Place<\/div>\t\t<\/div>\n\t\t\t\t<\/div>\n\t\t\t\t<div class=\"elementor-element elementor-element-5390aa62 elementor-widget-mobile__width-auto elementor-widget elementor-widget-heading\" data-id=\"5390aa62\" data-element_type=\"widget\" data-widget_type=\"heading.default\">\n\t\t\t\t<div class=\"elementor-widget-container\">\n\t\t\t<div class=\"elementor-heading-title elementor-size-default\">Form<\/div>\t\t<\/div>\n\t\t\t\t<\/div>\n\t\t\t\t<div class=\"elementor-element elementor-element-4c0e41fb elementor-widget-mobile__width-auto elementor-widget elementor-widget-heading\" data-id=\"4c0e41fb\" data-element_type=\"widget\" data-widget_type=\"heading.default\">\n\t\t\t\t<div class=\"elementor-widget-container\">\n\t\t\t<div class=\"elementor-heading-title elementor-size-default\">Deadline<\/div>\t\t<\/div>\n\t\t\t\t<\/div>\n\t\t\t\t<div class=\"elementor-element elementor-element-26438a67 elementor-widget elementor-widget-heading\" data-id=\"26438a67\" data-element_type=\"widget\" data-widget_type=\"heading.default\">\n\t\t\t\t<div class=\"elementor-widget-container\">\n\t\t\t<h2 class=\"elementor-heading-title elementor-size-default\">&nbsp;<\/h2>\t\t<\/div>\n\t\t\t\t<\/div>\n\t\t\t\t\t<\/div>\n\t\t<\/div>\n\t\t\t\t<div class=\"elementor-column elementor-col-50 elementor-top-column elementor-element elementor-element-9fe7fb1 elementor-hidden-tablet elementor-hidden-phone\" data-id=\"9fe7fb1\" data-element_type=\"column\">\n\t\t\t<div class=\"elementor-widget-wrap elementor-element-populated\">\n\t\t\t\t\t\t<div class=\"elementor-element elementor-element-533d5bd elementor-widget elementor-widget-spacer\" data-id=\"533d5bd\" data-element_type=\"widget\" data-widget_type=\"spacer.default\">\n\t\t\t\t<div class=\"elementor-widget-container\">\n\t\t\t\t\t<div class=\"elementor-spacer\">\n\t\t\t<div class=\"elementor-spacer-inner\"><\/div>\n\t\t<\/div>\n\t\t\t\t<\/div>\n\t\t\t\t<\/div>\n\t\t\t\t\t<\/div>\n\t\t<\/div>\n\t\t\t\t\t<\/div>\n\t\t<\/section>\n\t\t\t\t<section class=\"elementor-section elementor-top-section elementor-element elementor-element-2a04e64a elementor-section-boxed elementor-section-height-default elementor-section-height-default\" data-id=\"2a04e64a\" data-element_type=\"section\">\n\t\t\t\t\t\t<div class=\"elementor-container elementor-column-gap-default\">\n\t\t\t\t\t<div class=\"elementor-column elementor-col-100 elementor-top-column elementor-element elementor-element-76fb4b4c\" data-id=\"76fb4b4c\" data-element_type=\"column\">\n\t\t\t<div class=\"elementor-widget-wrap elementor-element-populated\">\n\t\t\t\t\t\t<div class=\"elementor-element elementor-element-40a2443 elementor-widget elementor-widget-jet-listing-grid\" data-id=\"40a2443\" data-element_type=\"widget\" data-settings=\"{&quot;columns&quot;:&quot;1&quot;}\" data-widget_type=\"jet-listing-grid.default\">\n\t\t\t\t<div class=\"elementor-widget-container\">\n\t\t\t<div class=\"jet-listing-grid jet-listing\"><div class=\"jet-listing-not-found jet-listing-grid__items\" data-nav=\"{&quot;enabled&quot;:false,&quot;type&quot;:null,&quot;more_el&quot;:null,&quot;query&quot;:[],&quot;widget_settings&quot;:{&quot;lisitng_id&quot;:15472,&quot;posts_num&quot;:50,&quot;columns&quot;:1,&quot;columns_tablet&quot;:1,&quot;columns_mobile&quot;:1,&quot;is_archive_template&quot;:&quot;&quot;,&quot;post_status&quot;:[&quot;publish&quot;],&quot;use_random_posts_num&quot;:&quot;&quot;,&quot;max_posts_num&quot;:9,&quot;not_found_message&quot;:&quot; &quot;,&quot;is_masonry&quot;:false,&quot;equal_columns_height&quot;:&quot;&quot;,&quot;use_load_more&quot;:&quot;&quot;,&quot;load_more_id&quot;:&quot;&quot;,&quot;load_more_type&quot;:&quot;click&quot;,&quot;load_more_offset&quot;:{&quot;unit&quot;:&quot;px&quot;,&quot;size&quot;:0,&quot;sizes&quot;:[]},&quot;use_custom_post_types&quot;:&quot;&quot;,&quot;custom_post_types&quot;:[],&quot;hide_widget_if&quot;:&quot;&quot;,&quot;carousel_enabled&quot;:&quot;&quot;,&quot;slides_to_scroll&quot;:&quot;1&quot;,&quot;arrows&quot;:&quot;true&quot;,&quot;arrow_icon&quot;:&quot;fa fa-angle-left&quot;,&quot;dots&quot;:&quot;&quot;,&quot;autoplay&quot;:&quot;true&quot;,&quot;pause_on_hover&quot;:&quot;true&quot;,&quot;autoplay_speed&quot;:5000,&quot;infinite&quot;:&quot;true&quot;,&quot;center_mode&quot;:&quot;&quot;,&quot;effect&quot;:&quot;slide&quot;,&quot;speed&quot;:500,&quot;inject_alternative_items&quot;:&quot;&quot;,&quot;injection_items&quot;:[],&quot;scroll_slider_enabled&quot;:&quot;&quot;,&quot;scroll_slider_on&quot;:[&quot;desktop&quot;,&quot;tablet&quot;,&quot;mobile&quot;],&quot;custom_query&quot;:false,&quot;custom_query_id&quot;:&quot;&quot;,&quot;_element_id&quot;:&quot;&quot;}}\" data-queried-id=\"17094|WP_Post\"> <\/div><\/div>\t\t<\/div>\n\t\t\t\t<\/div>\n\t\t\t\t<div class=\"elementor-element elementor-element-2ccc6774 elementor-widget elementor-widget-heading\" data-id=\"2ccc6774\" data-element_type=\"widget\" data-widget_type=\"heading.default\">\n\t\t\t\t<div class=\"elementor-widget-container\">\n\t\t\t<h2 class=\"elementor-heading-title elementor-size-default\">* Obligatory - szkolenie spe\u0142niaj\u0105ce wymogi obligatoryjnego doskonalenia zawodowego bieg\u0142ych rewident\u00f3w<\/h2>\t\t<\/div>\n\t\t\t\t<\/div>\n\t\t\t\t\t<\/div>\n\t\t<\/div>\n\t\t\t\t\t<\/div>\n\t\t<\/section>\n\t\t\t\t<\/div>\n\t\t","protected":false},"excerpt":{"rendered":"<p>Strona g\u0142\u00f3wna Topic Obligatory* Place Form Deadline &nbsp; Temat Obligatoryjne* Miejsce &bull; Krak\u00f3w&bull; on-line Forma &bull; stacjonarne&bull; on-line Termin 7 wrze\u015bnia 2021 Temat Obligatoryjne* Miejsce &bull; Forma &bull; on-line Termin 7 wrze\u015bnia 2021 Temat Obligatoryjne* Miejsce &bull; on-line Forma &bull; on-line Termin 13 wrze\u015bnia 2021 Temat Obligatoryjne* Miejsce &bull; on-line Forma &bull; on-line Termin 15 [&hellip;]<\/p>\n","protected":false},"author":2,"featured_media":0,"parent":17066,"menu_order":0,"comment_status":"closed","ping_status":"closed","template":"","meta":{"_jet_sm_ready_style":"","_jet_sm_style":"","_jet_sm_controls_values":"","_jet_sm_fonts_collection":"","_jet_sm_fonts_links":"","footnotes":""},"class_list":["post-17094","page","type-page","status-publish","hentry"],"yoast_head":"<!-- This site is optimized with the Yoast SEO plugin v22.5 - https:\/\/yoast.com\/wordpress\/plugins\/seo\/ -->\n<title>Trainings schedule - Nexia Pro Audit<\/title>\n<meta name=\"robots\" content=\"index, follow, max-snippet:-1, max-image-preview:large, max-video-preview:-1\" \/>\n<link rel=\"canonical\" href=\"https:\/\/old.nexiaproaudit.pl\/en\/trainings\/trainings-schedule\/\" \/>\n<meta property=\"og:locale\" content=\"en_US\" \/>\n<meta property=\"og:type\" content=\"article\" \/>\n<meta property=\"og:title\" content=\"Trainings schedule - Nexia Pro Audit\" \/>\n<meta property=\"og:description\" content=\"Strona g\u0142\u00f3wna Topic Obligatory* Place Form Deadline &nbsp; Temat Obligatoryjne* Miejsce &bull; Krak\u00f3w&bull; on-line Forma &bull; stacjonarne&bull; on-line Termin 7 wrze\u015bnia 2021 Temat Obligatoryjne* Miejsce &bull; Forma &bull; on-line Termin 7 wrze\u015bnia 2021 Temat Obligatoryjne* Miejsce &bull; on-line Forma &bull; on-line Termin 13 wrze\u015bnia 2021 Temat Obligatoryjne* Miejsce &bull; on-line Forma &bull; on-line Termin 15 [&hellip;]\" \/>\n<meta property=\"og:url\" content=\"https:\/\/old.nexiaproaudit.pl\/en\/trainings\/trainings-schedule\/\" \/>\n<meta property=\"og:site_name\" content=\"Nexia Pro Audit\" \/>\n<meta property=\"article:modified_time\" content=\"2021-09-27T20:16:46+00:00\" \/>\n<meta name=\"twitter:card\" content=\"summary_large_image\" \/>\n<meta name=\"twitter:label1\" content=\"Est. reading time\" \/>\n\t<meta name=\"twitter:data1\" content=\"1 minute\" \/>\n<script type=\"application\/ld+json\" class=\"yoast-schema-graph\">{\"@context\":\"https:\/\/schema.org\",\"@graph\":[{\"@type\":\"WebPage\",\"@id\":\"https:\/\/old.nexiaproaudit.pl\/en\/trainings\/trainings-schedule\/\",\"url\":\"https:\/\/old.nexiaproaudit.pl\/en\/trainings\/trainings-schedule\/\",\"name\":\"Trainings schedule - Nexia Pro Audit\",\"isPartOf\":{\"@id\":\"http:\/\/old.nexiaproaudit.pl\/#website\"},\"datePublished\":\"2021-09-13T18:37:06+00:00\",\"dateModified\":\"2021-09-27T20:16:46+00:00\",\"breadcrumb\":{\"@id\":\"https:\/\/old.nexiaproaudit.pl\/en\/trainings\/trainings-schedule\/#breadcrumb\"},\"inLanguage\":\"en-US\",\"potentialAction\":[{\"@type\":\"ReadAction\",\"target\":[\"https:\/\/old.nexiaproaudit.pl\/en\/trainings\/trainings-schedule\/\"]}]},{\"@type\":\"BreadcrumbList\",\"@id\":\"https:\/\/old.nexiaproaudit.pl\/en\/trainings\/trainings-schedule\/#breadcrumb\",\"itemListElement\":[{\"@type\":\"ListItem\",\"position\":1,\"name\":\"Strona g\u0142\u00f3wna\",\"item\":\"http:\/\/old.nexiaproaudit.pl\/en\/\"},{\"@type\":\"ListItem\",\"position\":2,\"name\":\"Trainings\",\"item\":\"http:\/\/old.nexiaproaudit.pl\/en\/trainings\/\"},{\"@type\":\"ListItem\",\"position\":3,\"name\":\"Trainings schedule\"}]},{\"@type\":\"WebSite\",\"@id\":\"http:\/\/old.nexiaproaudit.pl\/#website\",\"url\":\"http:\/\/old.nexiaproaudit.pl\/\",\"name\":\"Nexia Pro Audit\",\"description\":\"\",\"publisher\":{\"@id\":\"http:\/\/old.nexiaproaudit.pl\/#organization\"},\"potentialAction\":[{\"@type\":\"SearchAction\",\"target\":{\"@type\":\"EntryPoint\",\"urlTemplate\":\"http:\/\/old.nexiaproaudit.pl\/?s={search_term_string}\"},\"query-input\":\"required name=search_term_string\"}],\"inLanguage\":\"en-US\"},{\"@type\":\"Organization\",\"@id\":\"http:\/\/old.nexiaproaudit.pl\/#organization\",\"name\":\"Nexia Pro Audit\",\"url\":\"http:\/\/old.nexiaproaudit.pl\/\",\"logo\":{\"@type\":\"ImageObject\",\"inLanguage\":\"en-US\",\"@id\":\"http:\/\/old.nexiaproaudit.pl\/#\/schema\/logo\/image\/\",\"url\":\"http:\/\/old.nexiaproaudit.pl\/wp-content\/uploads\/2021\/10\/nexia-pro-audit.png\",\"contentUrl\":\"http:\/\/old.nexiaproaudit.pl\/wp-content\/uploads\/2021\/10\/nexia-pro-audit.png\",\"width\":1007,\"height\":285,\"caption\":\"Nexia Pro Audit\"},\"image\":{\"@id\":\"http:\/\/old.nexiaproaudit.pl\/#\/schema\/logo\/image\/\"}}]}<\/script>\n<!-- \/ Yoast SEO plugin. -->","yoast_head_json":{"title":"Trainings schedule - Nexia Pro Audit","robots":{"index":"index","follow":"follow","max-snippet":"max-snippet:-1","max-image-preview":"max-image-preview:large","max-video-preview":"max-video-preview:-1"},"canonical":"https:\/\/old.nexiaproaudit.pl\/en\/trainings\/trainings-schedule\/","og_locale":"en_US","og_type":"article","og_title":"Trainings schedule - Nexia Pro Audit","og_description":"Strona g\u0142\u00f3wna Topic Obligatory* Place Form Deadline &nbsp; Temat Obligatoryjne* Miejsce &bull; Krak\u00f3w&bull; on-line Forma &bull; stacjonarne&bull; on-line Termin 7 wrze\u015bnia 2021 Temat Obligatoryjne* Miejsce &bull; Forma &bull; on-line Termin 7 wrze\u015bnia 2021 Temat Obligatoryjne* Miejsce &bull; on-line Forma &bull; on-line Termin 13 wrze\u015bnia 2021 Temat Obligatoryjne* Miejsce &bull; on-line Forma &bull; on-line Termin 15 [&hellip;]","og_url":"https:\/\/old.nexiaproaudit.pl\/en\/trainings\/trainings-schedule\/","og_site_name":"Nexia Pro Audit","article_modified_time":"2021-09-27T20:16:46+00:00","twitter_card":"summary_large_image","twitter_misc":{"Est. reading time":"1 minute"},"schema":{"@context":"https:\/\/schema.org","@graph":[{"@type":"WebPage","@id":"https:\/\/old.nexiaproaudit.pl\/en\/trainings\/trainings-schedule\/","url":"https:\/\/old.nexiaproaudit.pl\/en\/trainings\/trainings-schedule\/","name":"Trainings schedule - Nexia Pro Audit","isPartOf":{"@id":"http:\/\/old.nexiaproaudit.pl\/#website"},"datePublished":"2021-09-13T18:37:06+00:00","dateModified":"2021-09-27T20:16:46+00:00","breadcrumb":{"@id":"https:\/\/old.nexiaproaudit.pl\/en\/trainings\/trainings-schedule\/#breadcrumb"},"inLanguage":"en-US","potentialAction":[{"@type":"ReadAction","target":["https:\/\/old.nexiaproaudit.pl\/en\/trainings\/trainings-schedule\/"]}]},{"@type":"BreadcrumbList","@id":"https:\/\/old.nexiaproaudit.pl\/en\/trainings\/trainings-schedule\/#breadcrumb","itemListElement":[{"@type":"ListItem","position":1,"name":"Strona g\u0142\u00f3wna","item":"http:\/\/old.nexiaproaudit.pl\/en\/"},{"@type":"ListItem","position":2,"name":"Trainings","item":"http:\/\/old.nexiaproaudit.pl\/en\/trainings\/"},{"@type":"ListItem","position":3,"name":"Trainings schedule"}]},{"@type":"WebSite","@id":"http:\/\/old.nexiaproaudit.pl\/#website","url":"http:\/\/old.nexiaproaudit.pl\/","name":"Nexia Pro Audit","description":"","publisher":{"@id":"http:\/\/old.nexiaproaudit.pl\/#organization"},"potentialAction":[{"@type":"SearchAction","target":{"@type":"EntryPoint","urlTemplate":"http:\/\/old.nexiaproaudit.pl\/?s={search_term_string}"},"query-input":"required name=search_term_string"}],"inLanguage":"en-US"},{"@type":"Organization","@id":"http:\/\/old.nexiaproaudit.pl\/#organization","name":"Nexia Pro Audit","url":"http:\/\/old.nexiaproaudit.pl\/","logo":{"@type":"ImageObject","inLanguage":"en-US","@id":"http:\/\/old.nexiaproaudit.pl\/#\/schema\/logo\/image\/","url":"http:\/\/old.nexiaproaudit.pl\/wp-content\/uploads\/2021\/10\/nexia-pro-audit.png","contentUrl":"http:\/\/old.nexiaproaudit.pl\/wp-content\/uploads\/2021\/10\/nexia-pro-audit.png","width":1007,"height":285,"caption":"Nexia Pro Audit"},"image":{"@id":"http:\/\/old.nexiaproaudit.pl\/#\/schema\/logo\/image\/"}}]}},"_links":{"self":[{"href":"http:\/\/old.nexiaproaudit.pl\/en\/wp-json\/wp\/v2\/pages\/17094","targetHints":{"allow":["GET"]}}],"collection":[{"href":"http:\/\/old.nexiaproaudit.pl\/en\/wp-json\/wp\/v2\/pages"}],"about":[{"href":"http:\/\/old.nexiaproaudit.pl\/en\/wp-json\/wp\/v2\/types\/page"}],"author":[{"embeddable":true,"href":"http:\/\/old.nexiaproaudit.pl\/en\/wp-json\/wp\/v2\/users\/2"}],"replies":[{"embeddable":true,"href":"http:\/\/old.nexiaproaudit.pl\/en\/wp-json\/wp\/v2\/comments?post=17094"}],"version-history":[{"count":0,"href":"http:\/\/old.nexiaproaudit.pl\/en\/wp-json\/wp\/v2\/pages\/17094\/revisions"}],"up":[{"embeddable":true,"href":"http:\/\/old.nexiaproaudit.pl\/en\/wp-json\/wp\/v2\/pages\/17066"}],"wp:attachment":[{"href":"http:\/\/old.nexiaproaudit.pl\/en\/wp-json\/wp\/v2\/media?parent=17094"}],"curies":[{"name":"wp","href":"https:\/\/api.w.org\/{rel}","templated":true}]}}